{"id":49,"date":"2026-04-28T14:57:58","date_gmt":"2026-04-28T14:57:58","guid":{"rendered":"https:\/\/edelbrand-nussendorf.at\/?page_id=49"},"modified":"2026-04-29T09:04:57","modified_gmt":"2026-04-29T09:04:57","slug":"aufbau","status":"publish","type":"page","link":"https:\/\/edelbrand-nussendorf.at\/","title":{"rendered":"Aufbau"},"content":{"rendered":"\t\t<div data-elementor-type=\"wp-page\" data-elementor-id=\"49\" class=\"elementor elementor-49\">\n\t\t\t\t<div class=\"elementor-element elementor-element-73ce6d5 e-flex e-con-boxed wpr-particle-no wpr-jarallax-no wpr-parallax-no wpr-sticky-section-no wpr-equal-height-no e-con e-parent\" data-id=\"73ce6d5\" data-element_type=\"container\" data-e-type=\"container\" data-settings=\"{&quot;background_background&quot;:&quot;classic&quot;}\">\n\t\t\t\t\t<div class=\"e-con-inner\">\n\t\t\t\t<div class=\"elementor-element elementor-element-aeb0261 elementor-widget elementor-widget-image\" data-id=\"aeb0261\" data-element_type=\"widget\" data-e-type=\"widget\" data-widget_type=\"image.default\">\n\t\t\t\t\t\t\t\t\t\t\t\t\t\t\t<img fetchpriority=\"high\" decoding=\"async\" width=\"800\" height=\"356\" src=\"https:\/\/edelbrand-nussendorf.at\/wp-content\/uploads\/2026\/04\/Logo-Hackl-1024x456.png\" class=\"attachment-large size-large wp-image-74\" alt=\"Hackl Logo\" srcset=\"https:\/\/edelbrand-nussendorf.at\/wp-content\/uploads\/2026\/04\/Logo-Hackl-1024x456.png 1024w, https:\/\/edelbrand-nussendorf.at\/wp-content\/uploads\/2026\/04\/Logo-Hackl-300x134.png 300w, https:\/\/edelbrand-nussendorf.at\/wp-content\/uploads\/2026\/04\/Logo-Hackl-768x342.png 768w, https:\/\/edelbrand-nussendorf.at\/wp-content\/uploads\/2026\/04\/Logo-Hackl-1536x684.png 1536w, https:\/\/edelbrand-nussendorf.at\/wp-content\/uploads\/2026\/04\/Logo-Hackl-2048x912.png 2048w\" sizes=\"(max-width: 800px) 100vw, 800px\" \/>\t\t\t\t\t\t\t\t\t\t\t\t\t\t\t<\/div>\n\t\t\t\t<div class=\"elementor-element elementor-element-2deb6ac elementor-widget elementor-widget-heading\" data-id=\"2deb6ac\" data-element_type=\"widget\" data-e-type=\"widget\" data-widget_type=\"heading.default\">\n\t\t\t\t\t<h1 class=\"elementor-heading-title elementor-size-default\">Website im Aufbau<\/h1>\t\t\t\t<\/div>\n\t\t\t\t<div class=\"elementor-element elementor-element-c426c2e elementor-widget elementor-widget-text-editor\" data-id=\"c426c2e\" data-element_type=\"widget\" data-e-type=\"widget\" data-widget_type=\"text-editor.default\">\n\t\t\t\t\t\t\t\t\t<p>Schon bald finden Sie hier unsere hochwertigen Edelbr\u00e4nde, feinen Lik\u00f6re und besondere Spezialit\u00e4ten aus traditioneller Handwerkskunst.<\/p><p>Bis dahin stehen wir Ihnen gerne pers\u00f6nlich f\u00fcr Fragen, Bestellungen und Informationen zur Verf\u00fcgung.<\/p>\t\t\t\t\t\t\t\t<\/div>\n\t\t\t\t<div class=\"elementor-element elementor-element-8b25674 elementor-widget elementor-widget-text-editor\" data-id=\"8b25674\" data-element_type=\"widget\" data-e-type=\"widget\" data-widget_type=\"text-editor.default\">\n\t\t\t\t\t\t\t\t\t<p><strong>Edelbrand Nussendorf<\/strong><br \/>Nussendorf 36<br \/>3361 Artstetten<\/p><p><strong>Telefon:<\/strong> +43 664 73863886<br \/><strong>E-Mail:<\/strong> huberthackl@gmx.at<\/p><p>Vielen Dank f\u00fcr Ihr Interesse \u2013 wir freuen uns auf Ihren Besuch.<\/p><p><strong>Tradition. Qualit\u00e4t. Genuss.<\/strong><\/p>\t\t\t\t\t\t\t\t<\/div>\n\t\t\t\t\t<\/div>\n\t\t\t\t<\/div>\n\t\t\t\t<\/div>\n\t\t","protected":false},"excerpt":{"rendered":"<p>Website im Aufbau Schon bald finden Sie hier unsere hochwertigen Edelbr\u00e4nde, feinen Lik\u00f6re und besondere Spezialit\u00e4ten aus traditioneller Handwerkskunst. Bis dahin stehen wir Ihnen gerne pers\u00f6nlich f\u00fcr Fragen, Bestellungen und Informationen zur Verf\u00fcgung. Edelbrand NussendorfNussendorf 363361 Artstetten Telefon: +43 664 73863886E-Mail: huberthackl@gmx.at Vielen Dank f\u00fcr Ihr Interesse \u2013 wir freuen uns auf Ihren Besuch. Tradition. Qualit\u00e4t. Genuss.<\/p>\n","protected":false},"author":1,"featured_media":0,"parent":0,"menu_order":0,"comment_status":"closed","ping_status":"closed","template":"","meta":{"footnotes":""},"class_list":["post-49","page","type-page","status-publish","hentry"],"_links":{"self":[{"href":"https:\/\/edelbrand-nussendorf.at\/index.php?rest_route=\/wp\/v2\/pages\/49","targetHints":{"allow":["GET"]}}],"collection":[{"href":"https:\/\/edelbrand-nussendorf.at\/index.php?rest_route=\/wp\/v2\/pages"}],"about":[{"href":"https:\/\/edelbrand-nussendorf.at\/index.php?rest_route=\/wp\/v2\/types\/page"}],"author":[{"embeddable":true,"href":"https:\/\/edelbrand-nussendorf.at\/index.php?rest_route=\/wp\/v2\/users\/1"}],"replies":[{"embeddable":true,"href":"https:\/\/edelbrand-nussendorf.at\/index.php?rest_route=%2Fwp%2Fv2%2Fcomments&post=49"}],"version-history":[{"count":22,"href":"https:\/\/edelbrand-nussendorf.at\/index.php?rest_route=\/wp\/v2\/pages\/49\/revisions"}],"predecessor-version":[{"id":96,"href":"https:\/\/edelbrand-nussendorf.at\/index.php?rest_route=\/wp\/v2\/pages\/49\/revisions\/96"}],"wp:attachment":[{"href":"https:\/\/edelbrand-nussendorf.at\/index.php?rest_route=%2Fwp%2Fv2%2Fmedia&parent=49"}],"curies":[{"name":"wp","href":"https:\/\/api.w.org\/{rel}","templated":true}]}}