{"id":18,"date":"2026-04-28T14:54:18","date_gmt":"2026-04-28T14:54:18","guid":{"rendered":"https:\/\/edelbrand-nussendorf.at\/?page_id=18"},"modified":"2026-05-13T10:33:28","modified_gmt":"2026-05-13T10:33:28","slug":"kontakt","status":"publish","type":"page","link":"https:\/\/edelbrand-nussendorf.at\/?page_id=18","title":{"rendered":"Kontakt"},"content":{"rendered":"\t\t<div data-elementor-type=\"wp-page\" data-elementor-id=\"18\" class=\"elementor elementor-18\">\n\t\t\t\t<div class=\"elementor-element elementor-element-7d8b509 e-flex e-con-boxed wpr-particle-no wpr-jarallax-no wpr-parallax-no wpr-sticky-section-no wpr-column-slider-no wpr-equal-height-no e-con e-parent\" data-id=\"7d8b509\" data-element_type=\"container\" data-e-type=\"container\" data-settings=\"{&quot;background_background&quot;:&quot;classic&quot;}\">\n\t\t\t\t\t<div class=\"e-con-inner\">\n\t\t<div class=\"elementor-element elementor-element-a3a3d77 e-con-full e-flex wpr-particle-no wpr-jarallax-no wpr-parallax-no wpr-sticky-section-no wpr-column-slider-no wpr-equal-height-no e-con e-child\" data-id=\"a3a3d77\" data-element_type=\"container\" data-e-type=\"container\">\n\t\t\t\t<div class=\"elementor-element elementor-element-d107189 elementor-widget elementor-widget-image\" data-id=\"d107189\" data-element_type=\"widget\" data-e-type=\"widget\" data-widget_type=\"image.default\">\n\t\t\t\t\t\t\t\t\t\t\t\t\t\t\t\t<a href=\"https:\/\/edelbrand-nussendorf.at\/?page_id=14\">\n\t\t\t\t\t\t\t<img fetchpriority=\"high\" decoding=\"async\" width=\"800\" height=\"356\" src=\"https:\/\/edelbrand-nussendorf.at\/wp-content\/uploads\/2026\/04\/Logo-Hackl-1024x456.png\" class=\"attachment-large size-large wp-image-74\" alt=\"Hackl Logo\" srcset=\"https:\/\/edelbrand-nussendorf.at\/wp-content\/uploads\/2026\/04\/Logo-Hackl-1024x456.png 1024w, https:\/\/edelbrand-nussendorf.at\/wp-content\/uploads\/2026\/04\/Logo-Hackl-300x134.png 300w, https:\/\/edelbrand-nussendorf.at\/wp-content\/uploads\/2026\/04\/Logo-Hackl-768x342.png 768w, https:\/\/edelbrand-nussendorf.at\/wp-content\/uploads\/2026\/04\/Logo-Hackl-1536x684.png 1536w, https:\/\/edelbrand-nussendorf.at\/wp-content\/uploads\/2026\/04\/Logo-Hackl-2048x912.png 2048w\" sizes=\"(max-width: 800px) 100vw, 800px\" \/>\t\t\t\t\t\t\t\t<\/a>\n\t\t\t\t\t\t\t\t\t\t\t\t\t\t\t<\/div>\n\t\t\t\t<\/div>\n\t\t<div class=\"elementor-element elementor-element-f0fa304 e-con-full e-flex wpr-particle-no wpr-jarallax-no wpr-parallax-no wpr-sticky-section-no wpr-column-slider-no wpr-equal-height-no e-con e-child\" data-id=\"f0fa304\" data-element_type=\"container\" data-e-type=\"container\">\n\t\t\t\t<div class=\"elementor-element elementor-element-b1060ee wpr-main-menu-align-center wpr-main-menu-align--tabletright wpr-nav-menu-bp-tablet wpr-main-menu-align--mobileleft wpr-pointer-underline wpr-pointer-line-fx wpr-pointer-fx-fade wpr-sub-icon-caret-down wpr-sub-menu-fx-fade wpr-mobile-menu-full-width wpr-mobile-menu-item-align-center wpr-mobile-toggle-v1 wpr-sub-divider-yes wpr-mobile-divider-yes elementor-widget elementor-widget-wpr-nav-menu\" data-id=\"b1060ee\" data-element_type=\"widget\" data-e-type=\"widget\" data-settings=\"{&quot;menu_layout&quot;:&quot;horizontal&quot;}\" data-widget_type=\"wpr-nav-menu.default\">\n\t\t\t\t\t<nav class=\"wpr-nav-menu-container wpr-nav-menu-horizontal\" data-trigger=\"hover\" data-consider-header=\"\" data-scroll-speed=\"500\"><ul id=\"menu-1-b1060ee\" class=\"wpr-nav-menu\"><li class=\"menu-item menu-item-type-post_type menu-item-object-page menu-item-109\"><a href=\"https:\/\/edelbrand-nussendorf.at\/?page_id=13\" class=\"wpr-menu-item wpr-pointer-item\">Produkte<\/a><\/li>\n<li class=\"menu-item menu-item-type-post_type menu-item-object-page menu-item-108\"><a href=\"https:\/\/edelbrand-nussendorf.at\/?page_id=15\" class=\"wpr-menu-item wpr-pointer-item\">\u00dcber uns<\/a><\/li>\n<li class=\"menu-item menu-item-type-post_type menu-item-object-page menu-item-107\"><a href=\"https:\/\/edelbrand-nussendorf.at\/?page_id=17\" class=\"wpr-menu-item wpr-pointer-item\">Veranstaltungen<\/a><\/li>\n<li class=\"menu-item menu-item-type-post_type menu-item-object-page menu-item-110\"><a href=\"https:\/\/edelbrand-nussendorf.at\/?page_id=11\" class=\"wpr-menu-item wpr-pointer-item\">Pr\u00e4mierungen<\/a><\/li>\n<li class=\"menu-item menu-item-type-post_type menu-item-object-page menu-item-106\"><a href=\"https:\/\/edelbrand-nussendorf.at\/?page_id=18\" class=\"wpr-menu-item wpr-pointer-item\">Kontakt<\/a><\/li>\n<\/ul><\/nav><nav class=\"wpr-mobile-nav-menu-container\"><div class=\"wpr-mobile-toggle-wrap\"><div class=\"wpr-mobile-toggle\"><span class=\"wpr-mobile-toggle-line\"><\/span><span class=\"wpr-mobile-toggle-line\"><\/span><span class=\"wpr-mobile-toggle-line\"><\/span><\/div><\/div><ul id=\"mobile-menu-2-b1060ee\" class=\"wpr-mobile-nav-menu\"><li class=\"menu-item menu-item-type-post_type menu-item-object-page menu-item-109\"><a href=\"https:\/\/edelbrand-nussendorf.at\/?page_id=13\" class=\"wpr-mobile-menu-item\">Produkte<\/a><\/li>\n<li class=\"menu-item menu-item-type-post_type menu-item-object-page menu-item-108\"><a href=\"https:\/\/edelbrand-nussendorf.at\/?page_id=15\" class=\"wpr-mobile-menu-item\">\u00dcber uns<\/a><\/li>\n<li class=\"menu-item menu-item-type-post_type menu-item-object-page menu-item-107\"><a href=\"https:\/\/edelbrand-nussendorf.at\/?page_id=17\" class=\"wpr-mobile-menu-item\">Veranstaltungen<\/a><\/li>\n<li class=\"menu-item menu-item-type-post_type menu-item-object-page menu-item-110\"><a href=\"https:\/\/edelbrand-nussendorf.at\/?page_id=11\" class=\"wpr-mobile-menu-item\">Pr\u00e4mierungen<\/a><\/li>\n<li class=\"menu-item menu-item-type-post_type menu-item-object-page menu-item-106\"><a href=\"https:\/\/edelbrand-nussendorf.at\/?page_id=18\" class=\"wpr-mobile-menu-item\">Kontakt<\/a><\/li>\n<\/ul><\/nav>\t\t\t\t<\/div>\n\t\t\t\t<\/div>\n\t\t<div class=\"elementor-element elementor-element-f8fceae e-con-full elementor-hidden-tablet elementor-hidden-mobile e-flex wpr-particle-no wpr-jarallax-no wpr-parallax-no wpr-sticky-section-no wpr-column-slider-no wpr-equal-height-no e-con e-child\" data-id=\"f8fceae\" data-element_type=\"container\" data-e-type=\"container\">\n\t\t\t\t<div class=\"elementor-element elementor-element-c57bc4a elementor-widget__width-auto elementor-widget elementor-widget-button\" data-id=\"c57bc4a\" data-element_type=\"widget\" data-e-type=\"widget\" data-widget_type=\"button.default\">\n\t\t\t\t\t\t\t\t\t\t<a class=\"elementor-button elementor-button-link elementor-size-sm\" href=\"https:\/\/edelbrand-nussendorf.at\/?page_id=18\">\n\t\t\t\t\t\t<span class=\"elementor-button-content-wrapper\">\n\t\t\t\t\t\t\t\t\t<span class=\"elementor-button-text\">Bestellen<\/span>\n\t\t\t\t\t<\/span>\n\t\t\t\t\t<\/a>\n\t\t\t\t\t\t\t\t<\/div>\n\t\t\t\t<\/div>\n\t\t\t\t\t<\/div>\n\t\t\t\t<\/div>\n\t\t<div class=\"elementor-element elementor-element-b2c6fba e-flex e-con-boxed wpr-particle-no wpr-jarallax-no wpr-parallax-no wpr-sticky-section-no wpr-column-slider-no wpr-equal-height-no e-con e-parent\" data-id=\"b2c6fba\" data-element_type=\"container\" data-e-type=\"container\" data-settings=\"{&quot;background_background&quot;:&quot;classic&quot;}\">\n\t\t\t\t\t<div class=\"e-con-inner\">\n\t\t<div class=\"elementor-element elementor-element-89e7962 e-con-full e-flex wpr-particle-no wpr-jarallax-no wpr-parallax-no wpr-sticky-section-no wpr-column-slider-no wpr-equal-height-no e-con e-child\" data-id=\"89e7962\" data-element_type=\"container\" data-e-type=\"container\">\n\t\t\t\t<div class=\"elementor-element elementor-element-9d596f7 elementor-widget elementor-widget-heading\" data-id=\"9d596f7\" data-element_type=\"widget\" data-e-type=\"widget\" data-widget_type=\"heading.default\">\n\t\t\t\t\t<h2 class=\"elementor-heading-title elementor-size-default\">Kontakt &amp; Bestellung<\/h2>\t\t\t\t<\/div>\n\t\t\t\t<div class=\"elementor-element elementor-element-fb4c621 elementor-widget elementor-widget-text-editor\" data-id=\"fb4c621\" data-element_type=\"widget\" data-e-type=\"widget\" data-widget_type=\"text-editor.default\">\n\t\t\t\t\t\t\t\t\t<p>Ob Anfrage, Bestellung oder pers\u00f6nliche Beratung: Wir sind gerne f\u00fcr Sie da und helfen Ihnen weiter.<\/p>\t\t\t\t\t\t\t\t<\/div>\n\t\t\t\t<\/div>\n\t\t\t\t\t<\/div>\n\t\t\t\t<\/div>\n\t\t<div class=\"elementor-element elementor-element-cfd2f4f e-flex e-con-boxed wpr-particle-no wpr-jarallax-no wpr-parallax-no wpr-sticky-section-no wpr-column-slider-no wpr-equal-height-no e-con e-parent\" data-id=\"cfd2f4f\" data-element_type=\"container\" data-e-type=\"container\">\n\t\t\t\t\t<div class=\"e-con-inner\">\n\t\t<div class=\"elementor-element elementor-element-9ca98d0 e-con-full e-flex wpr-particle-no wpr-jarallax-no wpr-parallax-no wpr-sticky-section-no wpr-column-slider-no wpr-equal-height-no e-con e-child\" data-id=\"9ca98d0\" data-element_type=\"container\" data-e-type=\"container\">\n\t\t\t\t<div class=\"elementor-element elementor-element-9c80242 elementor-widget elementor-widget-heading\" data-id=\"9c80242\" data-element_type=\"widget\" data-e-type=\"widget\" data-widget_type=\"heading.default\">\n\t\t\t\t\t<h2 class=\"elementor-heading-title elementor-size-default\">Direkt bestellen<\/h2>\t\t\t\t<\/div>\n\t\t\t\t<div class=\"elementor-element elementor-element-cfb7e95 elementor-widget elementor-widget-text-editor\" data-id=\"cfb7e95\" data-element_type=\"widget\" data-e-type=\"widget\" data-widget_type=\"text-editor.default\">\n\t\t\t\t\t\t\t\t\t<p>Bestellen Sie unsere Edelbr\u00e4nde bequem per Kontaktformular, Telefon oder E-Mail. Wir nehmen Ihre Bestellung pers\u00f6nlich entgegen und k\u00fcmmern uns um eine rasche Abwicklung.<\/p>\t\t\t\t\t\t\t\t<\/div>\n\t\t\t\t<div class=\"elementor-element elementor-element-6750b12 elementor-tablet-align-start elementor-mobile-align-start elementor-icon-list--layout-traditional elementor-list-item-link-full_width elementor-widget elementor-widget-icon-list\" data-id=\"6750b12\" data-element_type=\"widget\" data-e-type=\"widget\" data-widget_type=\"icon-list.default\">\n\t\t\t\t\t\t\t<ul class=\"elementor-icon-list-items\">\n\t\t\t\t\t\t\t<li class=\"elementor-icon-list-item\">\n\t\t\t\t\t\t\t\t\t\t\t<span class=\"elementor-icon-list-icon\">\n\t\t\t\t\t\t\t<svg aria-hidden=\"true\" class=\"e-font-icon-svg e-fas-phone\" viewBox=\"0 0 512 512\" xmlns=\"http:\/\/www.w3.org\/2000\/svg\"><path d=\"M493.4 24.6l-104-24c-11.3-2.6-22.9 3.3-27.5 13.9l-48 112c-4.2 9.8-1.4 21.3 6.9 28l60.6 49.6c-36 76.7-98.9 140.5-177.2 177.2l-49.6-60.6c-6.8-8.3-18.2-11.1-28-6.9l-112 48C3.9 366.5-2 378.1.6 389.4l24 104C27.1 504.2 36.7 512 48 512c256.1 0 464-207.5 464-464 0-11.2-7.7-20.9-18.6-23.4z\"><\/path><\/svg>\t\t\t\t\t\t<\/span>\n\t\t\t\t\t\t\t\t\t\t<span class=\"elementor-icon-list-text\">+43 664 73863886<\/span>\n\t\t\t\t\t\t\t\t\t<\/li>\n\t\t\t\t\t\t\t\t<li class=\"elementor-icon-list-item\">\n\t\t\t\t\t\t\t\t\t\t\t<span class=\"elementor-icon-list-icon\">\n\t\t\t\t\t\t\t<svg aria-hidden=\"true\" class=\"e-font-icon-svg e-fas-envelope\" viewBox=\"0 0 512 512\" xmlns=\"http:\/\/www.w3.org\/2000\/svg\"><path d=\"M502.3 190.8c3.9-3.1 9.7-.2 9.7 4.7V400c0 26.5-21.5 48-48 48H48c-26.5 0-48-21.5-48-48V195.6c0-5 5.7-7.8 9.7-4.7 22.4 17.4 52.1 39.5 154.1 113.6 21.1 15.4 56.7 47.8 92.2 47.6 35.7.3 72-32.8 92.3-47.6 102-74.1 131.6-96.3 154-113.7zM256 320c23.2.4 56.6-29.2 73.4-41.4 132.7-96.3 142.8-104.7 173.4-128.7 5.8-4.5 9.2-11.5 9.2-18.9v-19c0-26.5-21.5-48-48-48H48C21.5 64 0 85.5 0 112v19c0 7.4 3.4 14.3 9.2 18.9 30.6 23.9 40.7 32.4 173.4 128.7 16.8 12.2 50.2 41.8 73.4 41.4z\"><\/path><\/svg>\t\t\t\t\t\t<\/span>\n\t\t\t\t\t\t\t\t\t\t<span class=\"elementor-icon-list-text\">huberthackl@gmx.at<\/span>\n\t\t\t\t\t\t\t\t\t<\/li>\n\t\t\t\t\t\t\t\t<li class=\"elementor-icon-list-item\">\n\t\t\t\t\t\t\t\t\t\t\t<span class=\"elementor-icon-list-icon\">\n\t\t\t\t\t\t\t<svg aria-hidden=\"true\" class=\"e-font-icon-svg e-fas-map-marker-alt\" viewBox=\"0 0 384 512\" xmlns=\"http:\/\/www.w3.org\/2000\/svg\"><path d=\"M172.268 501.67C26.97 291.031 0 269.413 0 192 0 85.961 85.961 0 192 0s192 85.961 192 192c0 77.413-26.97 99.031-172.268 309.67-9.535 13.774-29.93 13.773-39.464 0zM192 272c44.183 0 80-35.817 80-80s-35.817-80-80-80-80 35.817-80 80 35.817 80 80 80z\"><\/path><\/svg>\t\t\t\t\t\t<\/span>\n\t\t\t\t\t\t\t\t\t\t<span class=\"elementor-icon-list-text\">Nussendorf 36, 3361 Artstetten<\/span>\n\t\t\t\t\t\t\t\t\t<\/li>\n\t\t\t\t\t\t<\/ul>\n\t\t\t\t\t\t<\/div>\n\t\t\t\t<\/div>\n\t\t<div class=\"elementor-element elementor-element-3a2998b e-con-full e-flex wpr-particle-no wpr-jarallax-no wpr-parallax-no wpr-sticky-section-no wpr-column-slider-no wpr-equal-height-no e-con e-child\" data-id=\"3a2998b\" data-element_type=\"container\" data-e-type=\"container\">\n\t\t\t\t<div class=\"elementor-element elementor-element-6d022e2 elementor-widget elementor-widget-html\" data-id=\"6d022e2\" data-element_type=\"widget\" data-e-type=\"widget\" data-widget_type=\"html.default\">\n\t\t\t\t\t\n<div class=\"wpcf7 no-js\" id=\"wpcf7-f502-o1\" lang=\"de-DE\" dir=\"ltr\" data-wpcf7-id=\"502\">\n<div class=\"screen-reader-response\"><p role=\"status\" aria-live=\"polite\" aria-atomic=\"true\"><\/p> <ul><\/ul><\/div>\n<form action=\"\/index.php?rest_route=%2Fwp%2Fv2%2Fpages%2F18#wpcf7-f502-o1\" method=\"post\" class=\"wpcf7-form init\" aria-label=\"Kontaktformular\" novalidate=\"novalidate\" data-status=\"init\">\n<fieldset class=\"hidden-fields-container\"><input type=\"hidden\" name=\"_wpcf7\" value=\"502\" \/><input type=\"hidden\" name=\"_wpcf7_version\" value=\"6.1.5\" \/><input type=\"hidden\" name=\"_wpcf7_locale\" value=\"de_DE\" \/><input type=\"hidden\" name=\"_wpcf7_unit_tag\" value=\"wpcf7-f502-o1\" \/><input type=\"hidden\" name=\"_wpcf7_container_post\" value=\"0\" \/><input type=\"hidden\" name=\"_wpcf7_posted_data_hash\" value=\"\" \/>\n<\/fieldset>\n<style>\n.hackl-form input[type=\"submit\"]:hover {\n background-color: #F5F5F5;\n border: 2px solid #D4A373;\n color: #2E2A26;\n}\n\n.hackl-form input,\n.hackl-form textarea {\n background-color: #F5F5F5;\n}\n\n.hackl-checkbox a:hover {\n text-decoration: underline;\n}\n\n.hackl-checkbox input[type=\"checkbox\"]{\nwidth:fit-content;\n}\n.hackl-form {\n font-family: 'Open Sans', sans-serif;\n max-width: 600px;\n}\n\n\/* Einheitliche Abst\u00e4nde *\/\n.hackl-form label {\n display: block;\n margin-bottom: 15px;\n color: #2E2A26;\n font-weight: 600;\n}\n\n.hackl-row {\n display: flex;\n gap: 15px;\n}\n\n.hackl-row label {\n flex: 1;\n margin-bottom: 0;\n}\n\n\/* Inputs *\/\n.hackl-form input,\n.hackl-form textarea {\n width: 100%;\n padding: 10px;\n border: 1px solid #D4A373;\n border-radius: 6px;\n margin-top: 5px;\n}\n\n.hackl-form textarea {\n height: 120px;\n resize: vertical;\n}\n\n.hackl-form input:focus,\n.hackl-form textarea:focus {\n outline: none;\n border-color: #2E2A26;\n}\n\n\/* Checkbox sauber ausrichten *\/\n.hackl-checkbox {\n margin-bottom: 15px;\n font-size: 14px;\n color: #2E2A26;\n}\n\n.hackl-checkbox .wpcf7-form-control {\n display: inline-flex;\n align-items: center;\n}\n\n.hackl-checkbox .wpcf7-list-item {\n margin: 0;\n}\n\n.hackl-checkbox input[type=\"checkbox\"] {\n margin-right: 8px;\n transform: scale(1.1);\n}\n\n.hackl-checkbox .wpcf7-list-item-label {\n font-weight: normal;\n}\n\n\/* Button *\/\n.hackl-form input[type=\"submit\"] {\n background-color: #D4A373;\n color: #fff;\n border: none;\n padding: 12px 20px;\n cursor: pointer;\n border-radius: 6px;\n font-weight: 600;\n}\n\n\n\/* Mobile *\/\n@media (max-width: 600px) {\n .hackl-row {\n flex-direction: column;\n }\n}\n<\/style>\n<div class=\"hackl-form\">\n\t<div class=\"hackl-row\">\n\t\t<p><label> Dein Name<br \/>\n<span class=\"wpcf7-form-control-wrap\" data-name=\"your-name\"><input size=\"40\" maxlength=\"400\" class=\"wpcf7-form-control wpcf7-text wpcf7-validates-as-required\" aria-required=\"true\" aria-invalid=\"false\" value=\"\" type=\"text\" name=\"your-name\" \/><\/span><br \/>\n<\/label>\n\t\t<\/p>\n\t\t<p><label> Deine E-Mail-Adresse<br \/>\n<span class=\"wpcf7-form-control-wrap\" data-name=\"your-email\"><input size=\"40\" maxlength=\"400\" class=\"wpcf7-form-control wpcf7-email wpcf7-validates-as-required wpcf7-text wpcf7-validates-as-email\" aria-required=\"true\" aria-invalid=\"false\" value=\"\" type=\"email\" name=\"your-email\" \/><\/span><br \/>\n<\/label>\n\t\t<\/p>\n\t<\/div>\n\t<p><label> Betreff<br \/>\n<span class=\"wpcf7-form-control-wrap\" data-name=\"your-subject\"><input size=\"40\" maxlength=\"400\" class=\"wpcf7-form-control wpcf7-text wpcf7-validates-as-required\" aria-required=\"true\" aria-invalid=\"false\" value=\"\" type=\"text\" name=\"your-subject\" \/><\/span><br \/>\n<\/label>\n\t<\/p>\n\t<p><label> Deine Nachricht<br \/>\n<span class=\"wpcf7-form-control-wrap\" data-name=\"your-message\"><textarea cols=\"40\" rows=\"10\" maxlength=\"2000\" class=\"wpcf7-form-control wpcf7-textarea\" aria-invalid=\"false\" name=\"your-message\"><\/textarea><\/span><br \/>\n<\/label>\n\t<\/p>\n\t<div class=\"hackl-checkbox\">\n\t\t<p><span class=\"wpcf7-form-control-wrap\" data-name=\"Datenschutz\"><span class=\"wpcf7-form-control wpcf7-acceptance\"><span class=\"wpcf7-list-item\"><label><input type=\"checkbox\" name=\"Datenschutz\" value=\"1\" aria-invalid=\"false\" \/><span class=\"wpcf7-list-item-label\">Ich habe die <a href=\"\/datenschutz\/\">Datenschutzerkl\u00e4rung<\/a> zur Kenntnis genommen und akzeptiert.<\/span><\/label><\/span><\/span><\/span>\n\t\t<\/p>\n\t<\/div>\n\t<p><input class=\"wpcf7-form-control wpcf7-submit has-spinner\" type=\"submit\" value=\"Nachricht senden\" \/>\n\t<\/p>\n<\/div><div class=\"wpcf7-response-output\" aria-hidden=\"true\"><\/div>\n<\/form>\n<\/div>\n\t\t\t\t<\/div>\n\t\t\t\t<\/div>\n\t\t\t\t\t<\/div>\n\t\t\t\t<\/div>\n\t\t<div class=\"elementor-element elementor-element-8a6219e e-flex e-con-boxed wpr-particle-no wpr-jarallax-no wpr-parallax-no wpr-sticky-section-no wpr-column-slider-no wpr-equal-height-no e-con e-parent\" data-id=\"8a6219e\" data-element_type=\"container\" data-e-type=\"container\" data-settings=\"{&quot;background_background&quot;:&quot;classic&quot;,&quot;shape_divider_top&quot;:&quot;curve&quot;}\">\n\t\t\t\t\t<div class=\"e-con-inner\">\n\t\t\t\t<div class=\"elementor-shape elementor-shape-top\" aria-hidden=\"true\" data-negative=\"false\">\n\t\t\t<svg xmlns=\"http:\/\/www.w3.org\/2000\/svg\" viewBox=\"0 0 1000 100\" preserveAspectRatio=\"none\">\n    <path class=\"elementor-shape-fill\" d=\"M1000,4.3V0H0v4.3C0.9,23.1,126.7,99.2,500,100S1000,22.7,1000,4.3z\"\/>\n<\/svg>\t\t<\/div>\n\t\t\t\t\t<\/div>\n\t\t\t\t<\/div>\n\t\t<div class=\"elementor-element elementor-element-f1398dc e-flex e-con-boxed wpr-particle-no wpr-jarallax-no wpr-parallax-no wpr-sticky-section-no wpr-column-slider-no wpr-equal-height-no e-con e-parent\" data-id=\"f1398dc\" data-element_type=\"container\" data-e-type=\"container\" data-settings=\"{&quot;background_background&quot;:&quot;classic&quot;}\">\n\t\t\t\t\t<div class=\"e-con-inner\">\n\t\t<div class=\"elementor-element elementor-element-afa39a0 e-con-full e-flex wpr-particle-no wpr-jarallax-no wpr-parallax-no wpr-sticky-section-no wpr-column-slider-no wpr-equal-height-no e-con e-child\" data-id=\"afa39a0\" data-element_type=\"container\" data-e-type=\"container\">\n\t\t\t\t<div class=\"elementor-element elementor-element-5e4b19f elementor-widget elementor-widget-image\" data-id=\"5e4b19f\" data-element_type=\"widget\" data-e-type=\"widget\" data-widget_type=\"image.default\">\n\t\t\t\t\t\t\t\t\t\t\t\t\t\t\t<img decoding=\"async\" width=\"800\" height=\"356\" src=\"https:\/\/edelbrand-nussendorf.at\/wp-content\/uploads\/2026\/04\/Logo-Hackl_weiss-1024x456.png\" class=\"attachment-large size-large wp-image-329\" alt=\"\" srcset=\"https:\/\/edelbrand-nussendorf.at\/wp-content\/uploads\/2026\/04\/Logo-Hackl_weiss-1024x456.png 1024w, https:\/\/edelbrand-nussendorf.at\/wp-content\/uploads\/2026\/04\/Logo-Hackl_weiss-300x134.png 300w, https:\/\/edelbrand-nussendorf.at\/wp-content\/uploads\/2026\/04\/Logo-Hackl_weiss-768x342.png 768w, https:\/\/edelbrand-nussendorf.at\/wp-content\/uploads\/2026\/04\/Logo-Hackl_weiss-1536x684.png 1536w, https:\/\/edelbrand-nussendorf.at\/wp-content\/uploads\/2026\/04\/Logo-Hackl_weiss-2048x912.png 2048w\" sizes=\"(max-width: 800px) 100vw, 800px\" \/>\t\t\t\t\t\t\t\t\t\t\t\t\t\t\t<\/div>\n\t\t\t\t<\/div>\n\t\t<div class=\"elementor-element elementor-element-a9ea414 e-con-full e-flex wpr-particle-no wpr-jarallax-no wpr-parallax-no wpr-sticky-section-no wpr-column-slider-no wpr-equal-height-no e-con e-child\" data-id=\"a9ea414\" data-element_type=\"container\" data-e-type=\"container\">\n\t\t\t\t<div class=\"elementor-element elementor-element-57b86b4 wpr-main-menu-align-center wpr-main-menu-align--tabletright wpr-nav-menu-bp-tablet wpr-main-menu-align--mobileleft wpr-pointer-underline wpr-pointer-line-fx wpr-pointer-fx-fade wpr-sub-icon-caret-down wpr-sub-menu-fx-fade wpr-mobile-menu-full-width wpr-mobile-menu-item-align-center wpr-mobile-toggle-v1 wpr-sub-divider-yes wpr-mobile-divider-yes elementor-widget elementor-widget-wpr-nav-menu\" data-id=\"57b86b4\" data-element_type=\"widget\" data-e-type=\"widget\" data-settings=\"{&quot;menu_layout&quot;:&quot;horizontal&quot;}\" data-widget_type=\"wpr-nav-menu.default\">\n\t\t\t\t\t<nav class=\"wpr-nav-menu-container wpr-nav-menu-horizontal\" data-trigger=\"hover\" data-consider-header=\"\" data-scroll-speed=\"500\"><ul id=\"menu-1-57b86b4\" class=\"wpr-nav-menu\"><li class=\"menu-item menu-item-type-post_type menu-item-object-page menu-item-413\"><a href=\"https:\/\/edelbrand-nussendorf.at\/?page_id=411\" class=\"wpr-menu-item wpr-pointer-item\">Datenschutz<\/a><\/li>\n<li class=\"menu-item menu-item-type-post_type menu-item-object-page menu-item-414\"><a href=\"https:\/\/edelbrand-nussendorf.at\/?page_id=409\" class=\"wpr-menu-item wpr-pointer-item\">Impressum<\/a><\/li>\n<li class=\"menu-item menu-item-type-post_type menu-item-object-page menu-item-905\"><a href=\"https:\/\/edelbrand-nussendorf.at\/?page_id=886\" class=\"wpr-menu-item wpr-pointer-item\">Partner<\/a><\/li>\n<\/ul><\/nav><nav class=\"wpr-mobile-nav-menu-container\"><div class=\"wpr-mobile-toggle-wrap\"><div class=\"wpr-mobile-toggle\"><span class=\"wpr-mobile-toggle-line\"><\/span><span class=\"wpr-mobile-toggle-line\"><\/span><span class=\"wpr-mobile-toggle-line\"><\/span><\/div><\/div><ul id=\"mobile-menu-2-57b86b4\" class=\"wpr-mobile-nav-menu\"><li class=\"menu-item menu-item-type-post_type menu-item-object-page menu-item-413\"><a href=\"https:\/\/edelbrand-nussendorf.at\/?page_id=411\" class=\"wpr-mobile-menu-item\">Datenschutz<\/a><\/li>\n<li class=\"menu-item menu-item-type-post_type menu-item-object-page menu-item-414\"><a href=\"https:\/\/edelbrand-nussendorf.at\/?page_id=409\" class=\"wpr-mobile-menu-item\">Impressum<\/a><\/li>\n<li class=\"menu-item menu-item-type-post_type menu-item-object-page menu-item-905\"><a href=\"https:\/\/edelbrand-nussendorf.at\/?page_id=886\" class=\"wpr-mobile-menu-item\">Partner<\/a><\/li>\n<\/ul><\/nav>\t\t\t\t<\/div>\n\t\t\t\t<\/div>\n\t\t<div class=\"elementor-element elementor-element-09ba3c1 e-con-full e-flex wpr-particle-no wpr-jarallax-no wpr-parallax-no wpr-sticky-section-no wpr-column-slider-no wpr-equal-height-no e-con e-child\" data-id=\"09ba3c1\" data-element_type=\"container\" data-e-type=\"container\">\n\t\t\t\t<div class=\"elementor-element elementor-element-0e1e31d elementor-widget elementor-widget-heading\" data-id=\"0e1e31d\" data-element_type=\"widget\" data-e-type=\"widget\" data-widget_type=\"heading.default\">\n\t\t\t\t\t<h5 class=\"elementor-heading-title elementor-size-default\">\u00a9 2026 Edelbrand Nussendorf. Alle Rechte vorbehalten.<\/h5>\t\t\t\t<\/div>\n\t\t\t\t<\/div>\n\t\t\t\t\t<\/div>\n\t\t\t\t<\/div>\n\t\t\t\t<\/div>\n\t\t","protected":false},"excerpt":{"rendered":"<p>Produkte \u00dcber uns Veranstaltungen Pr\u00e4mierungen Kontakt Produkte \u00dcber uns Veranstaltungen Pr\u00e4mierungen Kontakt Bestellen Kontakt &amp; Bestellung Ob Anfrage, Bestellung oder pers\u00f6nliche Beratung: Wir sind gerne f\u00fcr Sie da und helfen Ihnen weiter. Direkt bestellen Bestellen Sie unsere Edelbr\u00e4nde bequem per Kontaktformular, Telefon oder E-Mail. Wir nehmen Ihre Bestellung pers\u00f6nlich entgegen und k\u00fcmmern uns um eine rasche Abwicklung. +43 664 73863886 huberthackl@gmx.at Nussendorf 36, 3361 Artstetten Datenschutz Impressum Partner Datenschutz Impressum Partner \u00a9 2026 Edelbrand Nussendorf. Alle Rechte vorbehalten.<\/p>\n","protected":false},"author":1,"featured_media":0,"parent":0,"menu_order":0,"comment_status":"closed","ping_status":"closed","template":"","meta":{"footnotes":""},"class_list":["post-18","page","type-page","status-publish","hentry"],"_links":{"self":[{"href":"https:\/\/edelbrand-nussendorf.at\/index.php?rest_route=\/wp\/v2\/pages\/18","targetHints":{"allow":["GET"]}}],"collection":[{"href":"https:\/\/edelbrand-nussendorf.at\/index.php?rest_route=\/wp\/v2\/pages"}],"about":[{"href":"https:\/\/edelbrand-nussendorf.at\/index.php?rest_route=\/wp\/v2\/types\/page"}],"author":[{"embeddable":true,"href":"https:\/\/edelbrand-nussendorf.at\/index.php?rest_route=\/wp\/v2\/users\/1"}],"replies":[{"embeddable":true,"href":"https:\/\/edelbrand-nussendorf.at\/index.php?rest_route=%2Fwp%2Fv2%2Fcomments&post=18"}],"version-history":[{"count":70,"href":"https:\/\/edelbrand-nussendorf.at\/index.php?rest_route=\/wp\/v2\/pages\/18\/revisions"}],"predecessor-version":[{"id":971,"href":"https:\/\/edelbrand-nussendorf.at\/index.php?rest_route=\/wp\/v2\/pages\/18\/revisions\/971"}],"wp:attachment":[{"href":"https:\/\/edelbrand-nussendorf.at\/index.php?rest_route=%2Fwp%2Fv2%2Fmedia&parent=18"}],"curies":[{"name":"wp","href":"https:\/\/api.w.org\/{rel}","templated":true}]}}